{"id":20,"date":"2015-02-01T15:42:49","date_gmt":"2015-02-01T14:42:49","guid":{"rendered":"http:\/\/wurzelkinder-uebersee.de\/?page_id=20"},"modified":"2022-11-04T20:00:45","modified_gmt":"2022-11-04T19:00:45","slug":"geschichte","status":"publish","type":"page","link":"https:\/\/wurzelkinder-uebersee.de\/","title":{"rendered":"Herzlich Willkommen bei den Wurzelkindern"},"content":{"rendered":"<p style=\"text-align: left;\">Liebe Familien, liebe Interessierte,<\/p>\n<p>der Wald l\u00e4dt uns ein Gast zu sein, seine Begebenheiten und seine Ver\u00e4nderung im Jahreskreis wahrzunehmen, zu achten und mit erleben zu d\u00fcrfen. Er bietet uns den Rahmen die \u201eWurzelkinder\u201c mit ihren pers\u00f6nlichen Lebensgeschichten und Bed\u00fcrfnissen individuell zu begleiten und zu unterst\u00fctzen.<\/p>\n<p>Auf ihrem Weg zu eigenverantwortlichen, selbstbestimmten, kreativen Pers\u00f6nlichkeiten, die Mitgef\u00fchl und Verantwortung f\u00fcr sich und ihre Umwelt \u00fcbernehmen lernen.<\/p>\n<p>Dabei legen wir viel Wert auf ein freies, intensives Spiel!<br \/>\nKinder sind die Experten des Spiels und die gr\u00f6\u00dften Wissenschaftler! So k\u00f6nnen sie sich in allen Bereichen am besten weiter entwickeln, und das was sie am meisten interessiert mit Hingabe und Ausdauer erforschen. Diese Begeisterung weckt intensive Gef\u00fchle, die unter die \u201eHaut gehen\u201c und sind wichtig f\u00fcr die Gehirnentwicklung und eine nachhaltige Bildung.<\/p>\n<p>Ein vielseitiges, liebevolles, aufmerksames, einf\u00fchlsames und kreatives Team freut sich darauf den \u201eWurzelkindern\u201c eine gl\u00fcckliche und unbeschwerte Kindergartenzeit zu erm\u00f6glichen.<\/p>\n<p>Herzliche Gr\u00fc\u00dfe,<br \/>\nAnja Bl\u00f6sl mit dem \u201eWurzelkinder\u201c-Team<\/p>\n<p><a href=\"https:\/\/wurzelkinder-uebersee.de\/wp-content\/uploads\/2022\/11\/Anja.jpg\"><img loading=\"lazy\" class=\"wp-image-6400  alignnone\" src=\"https:\/\/wurzelkinder-uebersee.de\/wp-content\/uploads\/2022\/11\/Anja-300x183.jpg\" alt=\"\" width=\"284\" height=\"173\" srcset=\"https:\/\/wurzelkinder-uebersee.de\/wp-content\/uploads\/2022\/11\/Anja-300x183.jpg 300w, https:\/\/wurzelkinder-uebersee.de\/wp-content\/uploads\/2022\/11\/Anja-1024x625.jpg 1024w, https:\/\/wurzelkinder-uebersee.de\/wp-content\/uploads\/2022\/11\/Anja-768x469.jpg 768w, https:\/\/wurzelkinder-uebersee.de\/wp-content\/uploads\/2022\/11\/Anja.jpg 1280w\" sizes=\"(max-width: 284px) 100vw, 284px\" \/><\/a><\/p>\n<p>&nbsp;<\/p>\n","protected":false},"excerpt":{"rendered":"<p>Liebe Familien, liebe Interessierte, der Wald l\u00e4dt uns ein Gast zu sein, seine Begebenheiten und seine Ver\u00e4nderung im Jahreskreis wahrzunehmen, zu achten und mit erleben zu d\u00fcrfen. Er bietet uns den Rahmen die \u201eWurzelkinder\u201c mit ihren pers\u00f6nlichen Lebensgeschichten und Bed\u00fcrfnissen individuell zu begleiten und zu unterst\u00fctzen. Auf ihrem Weg zu eigenverantwortlichen, selbstbestimmten, kreativen Pers\u00f6nlichkeiten, die &hellip; <a href=\"https:\/\/wurzelkinder-uebersee.de\/\" class=\"more-link\"><span class=\"screen-reader-text\">Herzlich Willkommen bei den Wurzelkindern<\/span> weiterlesen<\/a><\/p>\n","protected":false},"author":1,"featured_media":6417,"parent":0,"menu_order":0,"comment_status":"closed","ping_status":"closed","template":"","meta":{"ngg_post_thumbnail":0},"_links":{"self":[{"href":"https:\/\/wurzelkinder-uebersee.de\/index.php?rest_route=\/wp\/v2\/pages\/20"}],"collection":[{"href":"https:\/\/wurzelkinder-uebersee.de\/index.php?rest_route=\/wp\/v2\/pages"}],"about":[{"href":"https:\/\/wurzelkinder-uebersee.de\/index.php?rest_route=\/wp\/v2\/types\/page"}],"author":[{"embeddable":true,"href":"https:\/\/wurzelkinder-uebersee.de\/index.php?rest_route=\/wp\/v2\/users\/1"}],"replies":[{"embeddable":true,"href":"https:\/\/wurzelkinder-uebersee.de\/index.php?rest_route=%2Fwp%2Fv2%2Fcomments&post=20"}],"version-history":[{"count":94,"href":"https:\/\/wurzelkinder-uebersee.de\/index.php?rest_route=\/wp\/v2\/pages\/20\/revisions"}],"predecessor-version":[{"id":6426,"href":"https:\/\/wurzelkinder-uebersee.de\/index.php?rest_route=\/wp\/v2\/pages\/20\/revisions\/6426"}],"wp:featuredmedia":[{"embeddable":true,"href":"https:\/\/wurzelkinder-uebersee.de\/index.php?rest_route=\/wp\/v2\/media\/6417"}],"wp:attachment":[{"href":"https:\/\/wurzelkinder-uebersee.de\/index.php?rest_route=%2Fwp%2Fv2%2Fmedia&parent=20"}],"curies":[{"name":"wp","href":"https:\/\/api.w.org\/{rel}","templated":true}]}}