{"id":427,"date":"2016-09-18T21:12:27","date_gmt":"2016-09-18T19:12:27","guid":{"rendered":"http:\/\/wurzelkinder-uebersee.de\/?page_id=427"},"modified":"2023-02-13T23:13:47","modified_gmt":"2023-02-13T22:13:47","slug":"verein","status":"publish","type":"page","link":"https:\/\/wurzelkinder-uebersee.de\/?page_id=427","title":{"rendered":"Verein"},"content":{"rendered":"<p>Der Waldkindergarten \u00dcbersee ist eine regul\u00e4re, staatlich anerkannte und gef\u00f6rderte Kindertagesst\u00e4tte.<\/p>\n<p>Der Tr\u00e4gerverein \u201eDie Wurzelkinder\u201c e.V. wurde am 31.01.2014 als Elterninitiative mit 20 Gr\u00fcndungsmitgliedern gegr\u00fcndet. Dieser betreibt und haftet f\u00fcr den kompletten Kindergartenbetrieb.<\/p>\n<p>Er wird finanziert durch die F\u00f6rderung von Land und Gemeinde nach BayKiBiG, Elternkindergartenbeitr\u00e4ge und Spenden.<\/p>\n<p>Mitgliedschaft im Verein: <a href=\"https:\/\/wurzelkinder-uebersee.de\/wp-content\/uploads\/2022\/09\/Mitgliedsantrag_Verein_Stand-09.2022.pdf\" target=\"_blank\" rel=\"noopener\">Beitrittserkl\u00e4rung<\/a><\/p>\n<p><a href=\"http:\/\/wurzelkinder-uebersee.de\/wp-content\/uploads\/2015\/02\/Satzung-WaKi-U\u0308bersee_aktuell.pdf\" target=\"_blank\" rel=\"noopener\">Satzung WaKi \u00dcbersee_aktuell<\/a><\/p>\n\n\n<p><\/p>\n","protected":false},"excerpt":{"rendered":"<p>Der Waldkindergarten \u00dcbersee ist eine regul\u00e4re, staatlich anerkannte und gef\u00f6rderte Kindertagesst\u00e4tte. Der Tr\u00e4gerverein \u201eDie Wurzelkinder\u201c e.V. wurde am 31.01.2014 als Elterninitiative mit 20 Gr\u00fcndungsmitgliedern gegr\u00fcndet. Dieser betreibt und haftet f\u00fcr den kompletten Kindergartenbetrieb. Er wird finanziert durch die F\u00f6rderung von Land und Gemeinde nach BayKiBiG, Elternkindergartenbeitr\u00e4ge und Spenden. Mitgliedschaft im Verein: Beitrittserkl\u00e4rung Satzung WaKi \u00dcbersee_aktuell<\/p>\n","protected":false},"author":1,"featured_media":79,"parent":0,"menu_order":0,"comment_status":"closed","ping_status":"closed","template":"","meta":{"ngg_post_thumbnail":0},"_links":{"self":[{"href":"https:\/\/wurzelkinder-uebersee.de\/index.php?rest_route=\/wp\/v2\/pages\/427"}],"collection":[{"href":"https:\/\/wurzelkinder-uebersee.de\/index.php?rest_route=\/wp\/v2\/pages"}],"about":[{"href":"https:\/\/wurzelkinder-uebersee.de\/index.php?rest_route=\/wp\/v2\/types\/page"}],"author":[{"embeddable":true,"href":"https:\/\/wurzelkinder-uebersee.de\/index.php?rest_route=\/wp\/v2\/users\/1"}],"replies":[{"embeddable":true,"href":"https:\/\/wurzelkinder-uebersee.de\/index.php?rest_route=%2Fwp%2Fv2%2Fcomments&post=427"}],"version-history":[{"count":4,"href":"https:\/\/wurzelkinder-uebersee.de\/index.php?rest_route=\/wp\/v2\/pages\/427\/revisions"}],"predecessor-version":[{"id":6915,"href":"https:\/\/wurzelkinder-uebersee.de\/index.php?rest_route=\/wp\/v2\/pages\/427\/revisions\/6915"}],"wp:featuredmedia":[{"embeddable":true,"href":"https:\/\/wurzelkinder-uebersee.de\/index.php?rest_route=\/wp\/v2\/media\/79"}],"wp:attachment":[{"href":"https:\/\/wurzelkinder-uebersee.de\/index.php?rest_route=%2Fwp%2Fv2%2Fmedia&parent=427"}],"curies":[{"name":"wp","href":"https:\/\/api.w.org\/{rel}","templated":true}]}}